{"id":2675,"date":"2019-07-30T11:56:03","date_gmt":"2019-07-30T11:56:03","guid":{"rendered":"https:\/\/orangeriekrumlov.cz\/kam-v-okoli\/"},"modified":"2025-06-15T14:24:54","modified_gmt":"2025-06-15T14:24:54","slug":"kam-v-okoli","status":"publish","type":"page","link":"https:\/\/orangeriekrumlov.cz\/en\/kam-v-okoli\/","title":{"rendered":"Informations"},"content":{"rendered":"\n<h2 class=\"wp-block-heading has-text-align-center\">Information for our guests<\/h2>\n\n\n\n<hr class=\"wp-block-separator has-css-opacity\"\/>\n\n\n\n<div class=\"wp-block-media-text alignwide has-media-on-the-right is-stacked-on-mobile is-vertically-aligned-center\" style=\"grid-template-columns:auto 25%\"><div class=\"wp-block-media-text__content\">\n<h2 class=\"wp-block-heading\"><strong>P<\/strong>arking<\/h2>\n\n\n\n<p><strong>Where to park?<\/strong><\/p>\n\n\n\n<p>We recommend parking at the P2 parking lot at V j\u00e1m\u011b, \u010cesk\u00fd Krumlov, 381 01, which is approximately 5-7 minutes walk (350 m) from our guesthouse. The parking lot is municipal and is monitored by a camera system.<\/p>\n\n\n\n<p>Parking prices (according to the valid city price list):<\/p>\n\n\n\n<p>24 hours \u2013 290 CZK<\/p>\n\n\n\n<p>48 hours \u2013 580 CZK<\/p>\n\n\n\n<p>72 hours \u2013 870 CZK<\/p>\n\n\n\n<p>You cannot leave the city with these cards during your stay. However, if you are interested, you can purchase a card at the Infocenter on the square (address: N\u00e1m\u011bst\u00ed Svornosti 2, \u010cesk\u00fd Krumlov 381 01) for the same price, which allows repeated exits and entrances.<\/p>\n\n\n\n<p>You pay the parking fee directly at the parking lot and you can pay by card or cash.<\/p>\n\n\n\n<p>You can also try parking at the private \u0160est\u00e1k parking lot, which is located next to the P2 parking lot \u2013 we recommend it especially for multi-day stays.<\/p>\n\n\n\n<p><strong>TIP<\/strong>: You can also get to the accommodation through the Brewery building if they have an open gate. This is private land and therefore this path is not visible in the navigation, but the passage is also open to the public.<\/p>\n\n\n\n<p><strong>Address<\/strong>: V j\u00e1m\u011b, \u010cesk\u00fd Krumlov 381 01 link <a href=\"https:\/\/www.google.com\/maps\/dir\/\/V+J%C3%A1m%C4%9B,+381+01+%C4%8Cesk%C3%BD+Krumlov+1\/@48.8142023,14.2357366,18326m\/data=!3m1!1e3!4m8!4m7!1m0!1m5!1m1!1s0x47735d759128630f:0x80e4aa57f956df2!2m2!1d14.318137!2d48.8142317?entry=ttu&amp;g_ep=EgoyMDI1MDYxMS4wIKXMDSoASAFQAw%3D%3D\" data-type=\"link\" data-id=\"https:\/\/www.google.com\/maps\/dir\/\/V+J%C3%A1m%C4%9B,+381+01+%C4%8Cesk%C3%BD+Krumlov+1\/@48.8142023,14.2357366,18326m\/data=!3m1!1e3!4m8!4m7!1m0!1m5!1m1!1s0x47735d759128630f:0x80e4aa57f956df2!2m2!1d14.318137!2d48.8142317?entry=ttu&amp;g_ep=EgoyMDI1MDYxMS4wIKXMDSoASAFQAw%3D%3D\">HERE<\/a><\/p>\n<\/div><figure class=\"wp-block-media-text__media\"><img decoding=\"async\" src=\"https:\/\/orangeriekrumlov.cz\/wp-content\/uploads\/2025\/03\/Navrh-bez-nazvu-kopie-3.svg\" alt=\"\" class=\"wp-image-3684 size-full\"\/><\/figure><\/div>\n\n\n\n<div class=\"wp-block-media-text alignwide is-stacked-on-mobile\" style=\"grid-template-columns:25% auto\"><figure class=\"wp-block-media-text__media\"><img decoding=\"async\" src=\"https:\/\/orangeriekrumlov.cz\/wp-content\/uploads\/2025\/03\/Navrh-bez-nazvu.svg\" alt=\"\" class=\"wp-image-3672 size-full\"\/><\/figure><div class=\"wp-block-media-text__content\">\n<h2 class=\"wp-block-heading\"><strong>Check-in &amp; Check-out <\/strong><\/h2>\n\n\n\n<p class=\"has-text-align-left\"><strong>How and when can you check in?<\/strong><\/p>\n\n\n\n<p><strong>Check-in:<\/strong> Possible between 15:00 and 20:00. We do not have a permanent reception, so please inform us of your approximate arrival time. After 20:00, self-check-in is possible. For self-check-in, it is necessary to contact us in advance so that everything is prepared for you and so that we can send you information. The condition for <strong>self-check-in<\/strong> is that the accommodation is paid in advance.<\/p>\n\n\n\n<p><strong>Check-out <\/strong>is possible no later than 10:30. Please vacate the room in time so that it is ready for the next guests.<br><\/p>\n<\/div><\/div>\n\n\n\n<div class=\"wp-block-media-text alignwide has-media-on-the-right is-stacked-on-mobile\" style=\"grid-template-columns:auto 25%\"><div class=\"wp-block-media-text__content\">\n<h2 class=\"wp-block-heading\">Luggage storage<\/h2>\n\n\n\n<p><strong>Do you need to store your luggage?<\/strong><\/p>\n\n\n\n<p>Arriving before 3 pm? No problem! We will be happy to store your luggage for free at the guesthouse until you can check in. You can also leave it with us after check-out and pick it up at any time later. Contact us about your arrival time and we will provide you with more information.<\/p>\n\n\n\n<p>We want you to enjoy your stay to the fullest and without worries.<\/p>\n<\/div><figure class=\"wp-block-media-text__media\"><img decoding=\"async\" src=\"https:\/\/orangeriekrumlov.cz\/wp-content\/uploads\/2025\/03\/Navrh-bez-nazvu-kopie.svg\" alt=\"\" class=\"wp-image-3676 size-full\"\/><\/figure><\/div>\n\n\n\n<div class=\"wp-block-media-text alignwide is-stacked-on-mobile\" style=\"grid-template-columns:25% auto\"><figure class=\"wp-block-media-text__media\"><img decoding=\"async\" src=\"https:\/\/orangeriekrumlov.cz\/wp-content\/uploads\/2025\/06\/Navrh-bez-nazvu-3-1.svg\" alt=\"\" class=\"wp-image-4307 size-full\"\/><\/figure><div class=\"wp-block-media-text__content\">\n<h2 class=\"wp-block-heading\">Garden &amp; Relax zone<\/h2>\n\n\n\n<p><strong>Would you like to sit down and enjoy a quiet moment?<\/strong><\/p>\n\n\n\n<p>Our private garden, hidden in the heart of \u010cesk\u00fd Krumlov, is exclusively for our guests and offers a peaceful retreat from the hustle and bustle of the city. It is an ideal place for couples looking for privacy and relaxation, but also for families with children who appreciate a safe space to play and relax. The garden includes a relaxation area in the form of a self-bar, where you can buy chilled drinks, ice cream or small snacks. For pleasant moments, there is also a coffee machine and a selection of teas, which are available to guests free of charge. Sit in the shade, enjoy a glass of prosecco and treat yourself to a well-deserved rest. In the meantime, children can jump on the trampoline or play various games. Please note that parents are responsible for children during their entire stay in the area. This garden is an ideal place for moments of peace, tranquility and shared experiences.<\/p>\n\n\n\n<p><\/p>\n<\/div><\/div>\n\n\n\n<h2 class=\"wp-block-heading has-text-align-center\">Restaurants and cafes<\/h2>\n\n\n<div class=\"wp-block-image\">\n<figure class=\"aligncenter size-full is-resized\"><a href=\"https:\/\/orangeriekrumlov.cz\/wp-content\/uploads\/2025\/03\/Navrh-bez-nazvu-kopie-4-2.svg\"><img decoding=\"async\" src=\"https:\/\/orangeriekrumlov.cz\/wp-content\/uploads\/2025\/03\/Navrh-bez-nazvu-kopie-4-2.svg\" alt=\"\" class=\"wp-image-3699\" style=\"width:231px;height:auto\"\/><\/a><\/figure><\/div>\n\n\n<h2 class=\"wp-block-heading\">Hungry, thirsty, or both? We have tips for you!<\/h2>\n\n\n\n<p>Whether you are looking for a place for a hearty lunch, a romantic dinner or just a light snack, below you will find tips for our most popular establishments in \u010cesk\u00fd Krumlov, which we like to visit ourselves. You can enjoy traditional Czech cuisine, international specialties or just have a great coffee and homemade dessert in one of the cozy cafes.<\/p>\n\n\n\n<p>If you want to enjoy an evening with a glass of wine or a well-chilled beer, we also have a few tried and tested tips for you. Just ask us and we will be happy to advise you. During the high season, it is recommended to make a reservation at the establishments for a more comfortable visit.<\/p>\n\n\n\n<div class=\"wp-block-columns is-layout-flex wp-container-core-columns-is-layout-2 wp-block-columns-is-layout-flex\">\n<div class=\"wp-block-column is-layout-flow wp-block-column-is-layout-flow\">\n<div class=\"wp-block-columns is-layout-flex wp-container-core-columns-is-layout-1 wp-block-columns-is-layout-flex\">\n<div class=\"wp-block-column is-layout-flow wp-block-column-is-layout-flow\">\n<h1 class=\"wp-block-heading has-text-align-center\">Restaurace<\/h1>\n<\/div>\n\n\n\n<div class=\"wp-block-column is-layout-flow wp-block-column-is-layout-flow\">\n<h1 class=\"wp-block-heading has-text-align-center\">Kav\u00e1rny a bary<\/h1>\n<\/div>\n<\/div>\n\n\n\n<figure class=\"wp-block-image size-full is-style-default\"><a href=\"https:\/\/orangeriekrumlov.cz\/wp-content\/uploads\/2025\/04\/AJ.svg\"><img decoding=\"async\" src=\"https:\/\/orangeriekrumlov.cz\/wp-content\/uploads\/2025\/04\/AJ.svg\" alt=\"\" class=\"wp-image-4192\"\/><\/a><\/figure>\n<\/div>\n<\/div>\n\n\n\n<figure class=\"wp-block-gallery aligncenter has-nested-images columns-default is-cropped wp-block-gallery-1 is-layout-flex wp-block-gallery-is-layout-flex\">\n<figure class=\"wp-block-image size-full\"><a href=\"https:\/\/orangeriekrumlov.cz\/wp-content\/uploads\/2025\/05\/Mapa2-2.svg\"><img decoding=\"async\" data-id=\"4257\" src=\"https:\/\/orangeriekrumlov.cz\/wp-content\/uploads\/2025\/05\/Mapa2-2.svg\" alt=\"\" class=\"wp-image-4257\"\/><\/a><\/figure>\n<\/figure>\n\n\n\n<p><\/p>\n","protected":false},"excerpt":{"rendered":"<p>Information for our guests Parking Where to park? We recommend parking at the P2 parking lot at V j\u00e1m\u011b, \u010cesk\u00fd Krumlov, 381 01, which is approximately 5-7 minutes walk (350 m) from our guesthouse. The parking lot is municipal and is monitored by a camera system. Parking prices (according to the valid city price list):&hellip;<\/p>\n","protected":false},"author":1,"featured_media":0,"parent":0,"menu_order":0,"comment_status":"closed","ping_status":"closed","template":"","meta":{"_acf_changed":false,"footnotes":""},"class_list":["post-2675","page","type-page","status-publish","hentry"],"acf":[],"_links":{"self":[{"href":"https:\/\/orangeriekrumlov.cz\/en\/wp-json\/wp\/v2\/pages\/2675","targetHints":{"allow":["GET"]}}],"collection":[{"href":"https:\/\/orangeriekrumlov.cz\/en\/wp-json\/wp\/v2\/pages"}],"about":[{"href":"https:\/\/orangeriekrumlov.cz\/en\/wp-json\/wp\/v2\/types\/page"}],"author":[{"embeddable":true,"href":"https:\/\/orangeriekrumlov.cz\/en\/wp-json\/wp\/v2\/users\/1"}],"replies":[{"embeddable":true,"href":"https:\/\/orangeriekrumlov.cz\/en\/wp-json\/wp\/v2\/comments?post=2675"}],"version-history":[{"count":19,"href":"https:\/\/orangeriekrumlov.cz\/en\/wp-json\/wp\/v2\/pages\/2675\/revisions"}],"predecessor-version":[{"id":4318,"href":"https:\/\/orangeriekrumlov.cz\/en\/wp-json\/wp\/v2\/pages\/2675\/revisions\/4318"}],"wp:attachment":[{"href":"https:\/\/orangeriekrumlov.cz\/en\/wp-json\/wp\/v2\/media?parent=2675"}],"curies":[{"name":"wp","href":"https:\/\/api.w.org\/{rel}","templated":true}]}}