{"id":3010,"date":"2023-03-12T20:51:39","date_gmt":"2023-03-12T20:51:39","guid":{"rendered":"https:\/\/orangeriekrumlov.cz\/kontakty\/"},"modified":"2025-06-24T12:56:41","modified_gmt":"2025-06-24T12:56:41","slug":"kontakty","status":"publish","type":"page","link":"https:\/\/orangeriekrumlov.cz\/de\/kontakty\/","title":{"rendered":"Kontakt"},"content":{"rendered":"<div class=\"wpb-content-wrapper\"><p>[vc_row content_placement=&#8220;middle&#8220;][vc_column css_animation=&#8220;right-to-left&#8220; width=&#8220;1\/3&#8243; css=&#8220;.vc_custom_1523278009804{background-color: #f3ede4 !important;}&#8220; el_class=&#8220;contact-address&#8220;][vc_custom_heading text=&#8220;Willkommen in Krumau!&#8220; use_theme_fonts=&#8220;yes&#8220;][vc_column_text css=&#8220;&#8220;]<\/p>\n<p class=\"\" data-start=\"60\" data-end=\"238\">Die Orangerie befindet sich im Herzen von \u010cesk\u00fd Krumlov. Wir freuen uns, Sie in unserer Pension willkommen zu hei\u00dfen, und sind \u00fcberzeugt, dass es Ihnen bei uns gefallen wird.<\/p>\n<p class=\"\" data-start=\"240\" data-end=\"276\">Wir freuen uns auf Ihren Besuch.<\/p>\n<p class=\"\" data-start=\"278\" data-end=\"297\">Kristian Hotels<\/p>\n<p>[\/vc_column_text][vc_column_text css=&#8220;&#8220;]<b>100m<\/b> von der Staatsburg und dem Schloss \u010cesk\u00fd Krumlov <strong><img loading=\"lazy\" decoding=\"async\" class=\"alignleft wp-image-333\" src=\"https:\/\/orangeriekrumlov.cz\/wp-content\/uploads\/2018\/02\/arc-de-triomphe.png\" alt=\"\" width=\"16\" height=\"16\" \/><\/strong><\/p>\n<p><strong><a href=\"https:\/\/orangeriekrumlov.cz\/wp-content\/uploads\/2018\/02\/parking.png\"><img loading=\"lazy\" decoding=\"async\" class=\"alignnone wp-image-748 \" src=\"https:\/\/orangeriekrumlov.cz\/wp-content\/uploads\/2018\/02\/parking.png\" alt=\"\" width=\"17\" height=\"17\" srcset=\"https:\/\/orangeriekrumlov.cz\/wp-content\/uploads\/2018\/02\/parking.png 200w, https:\/\/orangeriekrumlov.cz\/wp-content\/uploads\/2018\/02\/parking-150x150.png 150w\" sizes=\"auto, (max-width: 17px) 100vw, 17px\" \/><\/a>\u00a0 \u00a0Parkplatz <\/strong>in der N\u00e4he &#8211; Parkplatz P2<\/p>\n<p><strong>Unterkunft im Stadtzentrum\u00a0<\/strong>&#8211; Burg u. Schloss in Gehweite <strong><img loading=\"lazy\" decoding=\"async\" class=\"alignleft wp-image-332\" src=\"https:\/\/orangeriekrumlov.cz\/wp-content\/uploads\/2018\/02\/notre-dame.png\" alt=\"\" width=\"16\" height=\"16\" \/><\/strong>[\/vc_column_text][\/vc_column][vc_column css_animation=&#8220;none&#8220; width=&#8220;2\/3&#8243;][lab_google_map height=&#8220;100%&#8220; zoom=&#8220;17&#8243; map_controls=&#8220;panControl,zoomControl,scaleControl&#8220; el_class=&#8220;contact-page&#8220; css=&#8220;.vc_custom_1686679870063{background-color: #b5b5b5 !important;}&#8220;][lab_google_map_location latitude=&#8220;48.81212540929207&#8243; longitude=&#8220;14.318555832435065&#8243; marker_title=&#8220;Orangerie&#8220; marker_description=&#8220;Nov\u00e9 M\u011bdto 26<br \/>\n381 01 \u010cesk\u00fd Krumlov&#8220;][\/lab_google_map][\/vc_column][\/vc_row][vc_row el_class=&#8220;contact-address-row&#8220;][vc_column css_animation=&#8220;bottom-to-top&#8220; width=&#8220;1\/2&#8243; reveal_effect=&#8220;&#8220; el_class=&#8220;contact-address-small-box&#8220;][lab_text_autotype typed_text=&#8220;<\/p>\n<h3>Besuchen Sie *das Schloss \u010cesk\u00fd Krumlov;das Freilichttheater;die Pfarrkirche St. Vitus;das historische Zentrum;das Minoritenkloster;das Egon Schiele Art Centrum*<\/h3>\n<p>&#8220; typed_show_options=&#8220;yes&#8220; typed_options_cursorchar=&#8220;.&#8220; typed_options_loopcount=&#8220;-1&#8243; typed_options_typespeed=&#8220;50&#8243; typed_options_startdelay=&#8220;100&#8243; css=&#8220;.vc_custom_1685619605876{margin-top: 0px !important;margin-bottom: 20px !important;padding-top: 0px !important;}&#8220;][vc_column_text css=&#8220;.vc_custom_1747140735041{padding-right: 40px !important;background-color: #ffffff !important;}&#8220;]Die historische Innenstadt ist eine Fu\u00dfg\u00e4ngerzone und die Einfahrt mit dem Auto verboten. Weitere Informationen zum Parken finden Sie im Abschnitt \u201eG\u00e4steinformationen\u201c.<\/p>\n<p>Gerne beantworten wir Ihre Fragen rund um Ihren Aufenthalt bei uns. Nutzen Sie das untenstehende Formular und schreiben Sie uns.<\/p>\n<p>Wir freuen uns auf Ihren Besuch![\/vc_column_text][\/vc_column][vc_column css_animation=&#8220;bottom-to-top&#8220; width=&#8220;1\/4&#8243; reveal_effect=&#8220;&#8220; el_class=&#8220;contact-address-small-box&#8220;][lab_heading title_tag=&#8220;H5&#8243; title=&#8220;Adresse&#8220; el_class=&#8220;title-stylized&#8220;][\/lab_heading][vc_column_text css=&#8220;&#8220;]Nov\u00e9 m\u011bsto 26, \u010cesk\u00fd Krumlov<\/p>\n<p>Latr\u00e1n &#8211; PLZ 381 01<\/p>\n<p>Black Merenis s.r.o. &#8211; I\u010cO: 08235121<\/p>\n<p>Kristi\u00e1n Janda[\/vc_column_text][\/vc_column][vc_column css_animation=&#8220;bottom-to-top&#8220; width=&#8220;1\/4&#8243; reveal_effect=&#8220;&#8220; el_class=&#8220;contact-address-small-box&#8220;][lab_heading title_tag=&#8220;H5&#8243; title=&#8220;Kontakt&#8220; el_class=&#8220;title-stylized&#8220;][\/lab_heading][vc_column_text css=&#8220;&#8220;]E-mail: or@orangeriekrumlov.cz<\/p>\n<p>TEL: +420 608 003 172<\/p>\n<p>TEL: +420 777 103 983<\/p>\n<p>TEL: +420 603 334 939[\/vc_column_text][\/vc_column][\/vc_row][vc_row css_animation=&#8220;bottom-to-top&#8220;][vc_column][vc_separator][vc_custom_heading text=&#8220;M\u00f6chten Sie uns etwas mitteilen? Schreiben Sie uns&#8220; font_container=&#8220;tag:h3|text_align:left&#8220; google_fonts=&#8220;font_family:Alice%3Aregular|font_style:400%20regular%3A400%3Anormal&#8220;][lab_contact_form email_title=&#8220;E-Mail:&#8220; message_title=&#8220;Ihre Nachricht:&#8220; show_subject_field=&#8220;&#8220; submit_title=&#8220;Nachricht senden&#8220; submit_success=&#8220;Vielen Dank #, Ihre Nachricht wurde gesendet!&#8220; alert_errors=&#8220;&#8220; email_receiver=&#8220;pk@orangeriekrumlov.cz&#8220;][\/vc_column][\/vc_row]<\/p>\n<\/div>","protected":false},"excerpt":{"rendered":"<p>[vc_row content_placement=&#8220;middle&#8220;][vc_column css_animation=&#8220;right-to-left&#8220; width=&#8220;1\/3&#8243; css=&#8220;.vc_custom_1523278009804{background-color: #f3ede4 !important;}&#8220; el_class=&#8220;contact-address&#8220;][vc_custom_heading text=&#8220;Willkommen in Krumau!&#8220; use_theme_fonts=&#8220;yes&#8220;][vc_column_text css=&#8220;&#8220;] Die Orangerie befindet sich im Herzen von \u010cesk\u00fd Krumlov. Wir freuen uns, Sie in unserer Pension willkommen zu hei\u00dfen, und sind \u00fcberzeugt, dass es Ihnen bei uns gefallen wird. Wir freuen uns auf Ihren Besuch. Kristian Hotels [\/vc_column_text][vc_column_text css=&#8220;&#8220;]100m von der Staatsburg&hellip;<\/p>\n","protected":false},"author":1,"featured_media":0,"parent":0,"menu_order":0,"comment_status":"closed","ping_status":"closed","template":"","meta":{"_acf_changed":false,"footnotes":""},"class_list":["post-3010","page","type-page","status-publish","hentry"],"acf":[],"_links":{"self":[{"href":"https:\/\/orangeriekrumlov.cz\/de\/wp-json\/wp\/v2\/pages\/3010","targetHints":{"allow":["GET"]}}],"collection":[{"href":"https:\/\/orangeriekrumlov.cz\/de\/wp-json\/wp\/v2\/pages"}],"about":[{"href":"https:\/\/orangeriekrumlov.cz\/de\/wp-json\/wp\/v2\/types\/page"}],"author":[{"embeddable":true,"href":"https:\/\/orangeriekrumlov.cz\/de\/wp-json\/wp\/v2\/users\/1"}],"replies":[{"embeddable":true,"href":"https:\/\/orangeriekrumlov.cz\/de\/wp-json\/wp\/v2\/comments?post=3010"}],"version-history":[{"count":29,"href":"https:\/\/orangeriekrumlov.cz\/de\/wp-json\/wp\/v2\/pages\/3010\/revisions"}],"predecessor-version":[{"id":4404,"href":"https:\/\/orangeriekrumlov.cz\/de\/wp-json\/wp\/v2\/pages\/3010\/revisions\/4404"}],"wp:attachment":[{"href":"https:\/\/orangeriekrumlov.cz\/de\/wp-json\/wp\/v2\/media?parent=3010"}],"curies":[{"name":"wp","href":"https:\/\/api.w.org\/{rel}","templated":true}]}}