{"id":2997,"date":"2023-03-12T20:51:01","date_gmt":"2023-03-12T20:51:01","guid":{"rendered":"https:\/\/orangeriekrumlov.cz\/kam-v-okoli\/"},"modified":"2025-06-15T14:26:37","modified_gmt":"2025-06-15T14:26:37","slug":"kam-v-okoli","status":"publish","type":"page","link":"https:\/\/orangeriekrumlov.cz\/de\/kam-v-okoli\/","title":{"rendered":"Umgebung"},"content":{"rendered":"\n<h2 class=\"wp-block-heading has-text-align-center\">Informationen f\u00fcr unsere G\u00e4ste<\/h2>\n\n\n\n<hr class=\"wp-block-separator has-css-opacity\"\/>\n\n\n\n<div class=\"wp-block-media-text alignwide has-media-on-the-right is-stacked-on-mobile is-vertically-aligned-center\" style=\"grid-template-columns:auto 25%\"><div class=\"wp-block-media-text__content\">\n<h2 class=\"wp-block-heading\"><strong>Parken<\/strong><\/h2>\n\n\n\n<p><strong>Wo kann man parken?<\/strong><\/p>\n\n\n\n<p>Wir empfehlen das Parken auf dem Parkplatz P2 am V j\u00e1m\u011b, \u010cesk\u00fd Krumlov, 381 01, der etwa 5-7 Gehminuten (350 m) von unserer Pension entfernt ist. Der Parkplatz ist kommunal und wird durch ein Kamerasystem \u00fcberwacht.<\/p>\n\n\n\n<p>Parkgeb\u00fchren (lt. g\u00fcltiger st\u00e4dtischer Preisliste):<\/p>\n\n\n\n<p>24 Stunden \u2013 290 CZK<\/p>\n\n\n\n<p>48 Stunden \u2013 580 CZK<\/p>\n\n\n\n<p>72 Stunden \u2013 870 CZK<\/p>\n\n\n\n<p>Mit diesen Karten k\u00f6nnen Sie w\u00e4hrend Ihres Aufenthaltes nicht ausreisen. Bei Interesse k\u00f6nnen Sie im Infocenter auf dem Platz (Adresse: N\u00e1m\u011bst\u00ed Svornosti 2, \u010cesk\u00fd Krumlov 381 01) zum gleichen Preis eine Karte erwerben, die eine mehrmalige Aus- und Einfahrt erm\u00f6glicht.<\/p>\n\n\n\n<p>Die Parkgeb\u00fchr entrichten Sie direkt am Parkplatz und k\u00f6nnen mit Karte oder bar bezahlen.<\/p>\n\n\n\n<p>Sie k\u00f6nnen auch versuchen, auf dem privaten Parkplatz \u0160est\u00e1k zu parken, der sich neben dem Parkplatz P2 befindet \u2013 wir empfehlen ihn insbesondere f\u00fcr mehrt\u00e4gige Aufenthalte.<\/p>\n\n\n\n<p><strong>TIPP<\/strong>: Sie k\u00f6nnen die Unterkunft auch durch das Brauereigeb\u00e4ude erreichen, sofern das Tor ge\u00f6ffnet ist. Dies ist Privatland und daher ist dieser Weg in der Navigation nicht sichtbar, aber die Passage ist f\u00fcr die \u00d6ffentlichkeit zug\u00e4nglich.<\/p>\n\n\n\n<p><strong>Adresse:<\/strong> V j\u00e1m\u011b, \u010cesk\u00fd Krumlov 381 01 Link <a href=\"https:\/\/www.google.com\/maps\/dir\/\/V+J%C3%A1m%C4%9B,+381+01+%C4%8Cesk%C3%BD+Krumlov+1\/@48.8142023,14.2357366,18326m\/data=!3m1!1e3!4m8!4m7!1m0!1m5!1m1!1s0x47735d759128630f:0x80e4aa57f956df2!2m2!1d14.318137!2d48.8142317?entry=ttu&amp;g_ep=EgoyMDI1MDYxMS4wIKXMDSoASAFQAw%3D%3D\" data-type=\"link\" data-id=\"https:\/\/www.google.com\/maps\/dir\/\/V+J%C3%A1m%C4%9B,+381+01+%C4%8Cesk%C3%BD+Krumlov+1\/@48.8142023,14.2357366,18326m\/data=!3m1!1e3!4m8!4m7!1m0!1m5!1m1!1s0x47735d759128630f:0x80e4aa57f956df2!2m2!1d14.318137!2d48.8142317?entry=ttu&amp;g_ep=EgoyMDI1MDYxMS4wIKXMDSoASAFQAw%3D%3D\">HIERE<\/a><\/p>\n<\/div><figure class=\"wp-block-media-text__media\"><img decoding=\"async\" src=\"https:\/\/orangeriekrumlov.cz\/wp-content\/uploads\/2025\/03\/Navrh-bez-nazvu-kopie-3.svg\" alt=\"\" class=\"wp-image-3684 size-full\"\/><\/figure><\/div>\n\n\n\n<div class=\"wp-block-media-text alignwide is-stacked-on-mobile\" style=\"grid-template-columns:25% auto\"><figure class=\"wp-block-media-text__media\"><img decoding=\"async\" src=\"https:\/\/orangeriekrumlov.cz\/wp-content\/uploads\/2025\/03\/Navrh-bez-nazvu.svg\" alt=\"\" class=\"wp-image-3672 size-full\"\/><\/figure><div class=\"wp-block-media-text__content\">\n<h2 class=\"wp-block-heading\"><strong>Check-in &amp; Check-out <\/strong><\/h2>\n\n\n\n<p class=\"has-text-align-left\"><strong>Wie und wann k\u00f6nnen Sie bei uns einchecken?<\/strong><\/p>\n\n\n\n<p><strong>Check-in:<\/strong><br>M\u00f6glich zwischen <strong>15:00 und 20:00 Uhr<\/strong>.<br>Da wir keine durchgehende Rezeption haben, bitten wir Sie, uns Ihre <strong>ungef\u00e4hre Ankunftszeit<\/strong> im Voraus mitzuteilen.<\/p>\n\n\n\n<p>Nach <strong>20:00 Uhr<\/strong> ist der <strong>Self Check-in<\/strong> m\u00f6glich.<br>F\u00fcr den Self Check-in ist es notwendig, dass Sie <strong>im Voraus mit uns Kontakt aufnehmen<\/strong>, damit wir alles f\u00fcr Ihre Ankunft vorbereiten und Ihnen die entsprechenden Informationen zusenden k\u00f6nnen.<br><strong>Voraussetzung f\u00fcr den Self Check-in ist die vollst\u00e4ndige Bezahlung der Unterkunft im Voraus.<\/strong><\/p>\n\n\n\n<p><strong>Check-out:<\/strong><br>Bis sp\u00e4testens <strong>10:30 Uhr<\/strong>.<br>Wir bitten Sie, das Zimmer <strong>rechtzeitig freizugeben<\/strong>, damit es f\u00fcr die n\u00e4chsten G\u00e4ste vorbereitet werden kann.<\/p>\n<\/div><\/div>\n\n\n\n<div class=\"wp-block-media-text alignwide has-media-on-the-right is-stacked-on-mobile\" style=\"grid-template-columns:auto 25%\"><div class=\"wp-block-media-text__content\">\n<h2 class=\"wp-block-heading\"><strong>Gep\u00e4ckaufbewahrung<\/strong><\/h2>\n\n\n\n<p><strong>Sie m\u00f6chten Ihr Gep\u00e4ck aufbewahren?<\/strong><\/p>\n\n\n\n<p>Kommen Sie <strong>vor 15:00 Uhr<\/strong> an? Kein Problem!<br>Wir bewahren Ihr Gep\u00e4ck gerne <strong>kostenlos<\/strong> in unserer Pension auf, bis Ihr Zimmer bereit ist.<br>Ebenso k\u00f6nnen Sie Ihr Gep\u00e4ck <strong>nach dem Check-out<\/strong> bei uns lassen und es sp\u00e4ter jederzeit abholen.<\/p>\n\n\n\n<p>Bitte <strong>kontaktieren Sie uns im Voraus<\/strong> bez\u00fcglich Ihrer Ankunftszeit \u2013 wir geben Ihnen gerne weitere Informationen.<\/p>\n\n\n\n<p><strong>Wir m\u00f6chten, dass Sie Ihren Aufenthalt bei uns rundum genie\u00dfen \u2013 ganz ohne Stress.<\/strong><\/p>\n<\/div><figure class=\"wp-block-media-text__media\"><img decoding=\"async\" src=\"https:\/\/orangeriekrumlov.cz\/wp-content\/uploads\/2025\/03\/Navrh-bez-nazvu-kopie.svg\" alt=\"\" class=\"wp-image-3676 size-full\"\/><\/figure><\/div>\n\n\n\n<div class=\"wp-block-media-text alignwide is-stacked-on-mobile\" style=\"grid-template-columns:25% auto\"><figure class=\"wp-block-media-text__media\"><img decoding=\"async\" src=\"https:\/\/orangeriekrumlov.cz\/wp-content\/uploads\/2025\/06\/Navrh-bez-nazvu-3-2.svg\" alt=\"\" class=\"wp-image-4311 size-full\"\/><\/figure><div class=\"wp-block-media-text__content\">\n<h2 class=\"wp-block-heading\"><strong>Garten &amp; Relaxzone<\/strong><\/h2>\n\n\n\n<p><strong>Haben Sie Lust, sich zu setzen und einen ruhigen Moment zu genie\u00dfen?<\/strong><\/p>\n\n\n\n<p>Unser <strong>privater Garten<\/strong>, versteckt im Herzen von \u010cesk\u00fd Krumlov, steht <strong>ausschlie\u00dflich unseren G\u00e4sten<\/strong> zur Verf\u00fcgung und bietet einen ruhigen R\u00fcckzugsort vom Trubel der Stadt. Er ist der ideale Ort f\u00fcr Paare, die nach Privatsph\u00e4re und Erholung suchen, aber auch f\u00fcr Familien mit Kindern, die einen sicheren Raum zum Spielen und Entspannen zu sch\u00e4tzen wissen.<\/p>\n\n\n\n<p>Teil des Gartens ist eine <strong>Relaxzone<\/strong> in Form eines <strong>Self-Bars<\/strong>, an dem Sie gek\u00fchlte Getr\u00e4nke, Eis oder kleine Snacks kaufen k\u00f6nnen. F\u00fcr angenehme Momente fehlt auch ein <strong>Kaffeeautomat<\/strong> und eine Auswahl an <strong>Tees<\/strong>, die unseren G\u00e4sten kostenlos zur Verf\u00fcgung stehen. Setzen Sie sich in den Schatten, genie\u00dfen Sie ein Glas Prosecco und g\u00f6nnen Sie sich eine wohlverdiente Auszeit.<\/p>\n\n\n\n<p>W\u00e4hrenddessen k\u00f6nnen sich die Kinder auf <strong>dem Trampolin austoben<\/strong> oder verschiedene Spiele spielen. Bitte denken Sie daran, dass die <strong>Eltern w\u00e4hrend des gesamten Aufenthalts<\/strong> f\u00fcr ihre Kinder im Garten verantwortlich sind.<\/p>\n\n\n\n<p>Dieser Garten ist der perfekte Ort f\u00fcr <strong>Momente der Ruhe<\/strong>, <strong>Entspannung<\/strong> und <strong>gemeinsame Erlebnisse<\/strong>.<\/p>\n<\/div><\/div>\n\n\n\n<h2 class=\"wp-block-heading has-text-align-center\">Restaurants und Caf\u00e9s<\/h2>\n\n\n<div class=\"wp-block-image\">\n<figure class=\"aligncenter size-full is-resized\"><a href=\"https:\/\/orangeriekrumlov.cz\/wp-content\/uploads\/2025\/03\/Navrh-bez-nazvu-kopie-4-2.svg\"><img decoding=\"async\" src=\"https:\/\/orangeriekrumlov.cz\/wp-content\/uploads\/2025\/03\/Navrh-bez-nazvu-kopie-4-2.svg\" alt=\"\" class=\"wp-image-3699\" style=\"width:231px;height:auto\"\/><\/a><\/figure><\/div>\n\n\n<h2 class=\"wp-block-heading\"><strong>Hunger, Durst oder beides? Wir haben Tipps f\u00fcr Sie!<\/strong><\/h2>\n\n\n\n<p>Egal, ob Sie nach einem <strong>reichhaltigen Mittagessen<\/strong>, einem <strong>romantischen Abendessen<\/strong> oder einfach nur einem <strong>leichten Snack<\/strong> suchen \u2013 wir empfehlen Ihnen gerne die besten Lokale in \u010cesk\u00fd Krumlov. Genie\u00dfen Sie <strong>traditionelle tschechische K\u00fcche<\/strong>, <strong>internationale Spezialit\u00e4ten<\/strong> oder einfach eine <strong>gute Tasse Kaffee<\/strong> und ein <strong>hausgemachtes Dessert<\/strong> in einem der gem\u00fctlichen Caf\u00e9s.<\/p>\n\n\n\n<p>Wenn Sie den Abend mit einem <strong>Glas Wein<\/strong> oder einem <strong>k\u00fchl gezapften Bier<\/strong> genie\u00dfen m\u00f6chten, haben wir auch daf\u00fcr einige erprobte Tipps f\u00fcr Sie. Fragen Sie uns einfach, wir helfen Ihnen gerne weiter!<\/p>\n\n\n\n<div class=\"wp-block-columns is-layout-flex wp-container-core-columns-is-layout-2 wp-block-columns-is-layout-flex\">\n<div class=\"wp-block-column is-layout-flow wp-block-column-is-layout-flow\">\n<div class=\"wp-block-columns is-layout-flex wp-container-core-columns-is-layout-1 wp-block-columns-is-layout-flex\">\n<div class=\"wp-block-column is-layout-flow wp-block-column-is-layout-flow\">\n<h1 class=\"wp-block-heading has-text-align-center\">Restaurants <\/h1>\n<\/div>\n\n\n\n<div class=\"wp-block-column is-layout-flow wp-block-column-is-layout-flow\">\n<h1 class=\"wp-block-heading has-text-align-center\"><strong>Caf\u00e9s und Bars<\/strong><\/h1>\n<\/div>\n<\/div>\n\n\n\n<figure class=\"wp-block-image size-full is-style-default\"><a href=\"https:\/\/orangeriekrumlov.cz\/wp-content\/uploads\/2025\/04\/NJ.svg\"><img decoding=\"async\" src=\"https:\/\/orangeriekrumlov.cz\/wp-content\/uploads\/2025\/04\/NJ.svg\" alt=\"\" class=\"wp-image-4196\"\/><\/a><\/figure>\n<\/div>\n<\/div>\n\n\n\n<figure class=\"wp-block-gallery aligncenter has-nested-images columns-default is-cropped wp-block-gallery-1 is-layout-flex wp-block-gallery-is-layout-flex\">\n<figure class=\"wp-block-image size-full\"><a href=\"https:\/\/orangeriekrumlov.cz\/wp-content\/uploads\/2025\/05\/Mapa2-3.svg\"><img decoding=\"async\" data-id=\"4261\" src=\"https:\/\/orangeriekrumlov.cz\/wp-content\/uploads\/2025\/05\/Mapa2-3.svg\" alt=\"\" class=\"wp-image-4261\"\/><\/a><\/figure>\n<\/figure>\n\n\n\n<p class=\"has-text-align-center\"><\/p>\n","protected":false},"excerpt":{"rendered":"<p>Informationen f\u00fcr unsere G\u00e4ste Parken Wo kann man parken? Wir empfehlen das Parken auf dem Parkplatz P2 am V j\u00e1m\u011b, \u010cesk\u00fd Krumlov, 381 01, der etwa 5-7 Gehminuten (350 m) von unserer Pension entfernt ist. Der Parkplatz ist kommunal und wird durch ein Kamerasystem \u00fcberwacht. Parkgeb\u00fchren (lt. g\u00fcltiger st\u00e4dtischer Preisliste): 24 Stunden \u2013 290 CZK&hellip;<\/p>\n","protected":false},"author":1,"featured_media":0,"parent":0,"menu_order":0,"comment_status":"closed","ping_status":"closed","template":"","meta":{"_acf_changed":false,"footnotes":""},"class_list":["post-2997","page","type-page","status-publish","hentry"],"acf":[],"_links":{"self":[{"href":"https:\/\/orangeriekrumlov.cz\/de\/wp-json\/wp\/v2\/pages\/2997","targetHints":{"allow":["GET"]}}],"collection":[{"href":"https:\/\/orangeriekrumlov.cz\/de\/wp-json\/wp\/v2\/pages"}],"about":[{"href":"https:\/\/orangeriekrumlov.cz\/de\/wp-json\/wp\/v2\/types\/page"}],"author":[{"embeddable":true,"href":"https:\/\/orangeriekrumlov.cz\/de\/wp-json\/wp\/v2\/users\/1"}],"replies":[{"embeddable":true,"href":"https:\/\/orangeriekrumlov.cz\/de\/wp-json\/wp\/v2\/comments?post=2997"}],"version-history":[{"count":17,"href":"https:\/\/orangeriekrumlov.cz\/de\/wp-json\/wp\/v2\/pages\/2997\/revisions"}],"predecessor-version":[{"id":4320,"href":"https:\/\/orangeriekrumlov.cz\/de\/wp-json\/wp\/v2\/pages\/2997\/revisions\/4320"}],"wp:attachment":[{"href":"https:\/\/orangeriekrumlov.cz\/de\/wp-json\/wp\/v2\/media?parent=2997"}],"curies":[{"name":"wp","href":"https:\/\/api.w.org\/{rel}","templated":true}]}}